{"id":854,"date":"2023-03-21T12:14:59","date_gmt":"2023-03-21T12:14:59","guid":{"rendered":"https:\/\/knapla.wpengine.com\/?page_id=854"},"modified":"2023-04-22T12:11:45","modified_gmt":"2023-04-22T12:11:45","slug":"property-settlement-and-financial-agreement","status":"publish","type":"page","link":"https:\/\/knaplawyers.com.au\/pl\/uslugi-prawne\/prawo-rodzinne\/podzial-majatku-i-umowy-finansowe\/","title":{"rendered":"Ugoda Maj\u0105tkowa i Umowa Finansowa"},"content":{"rendered":"<figure class=\"wp-block-image alignfull size-large non-dim-hero service-page m-0\"><img loading=\"lazy\" decoding=\"async\" width=\"1024\" height=\"374\" src=\"https:\/\/knaplawyers.com.au\/wp-content\/uploads\/2023\/04\/Real-estate-agent-customer-shaking-hands-1024x374.jpg\" alt=\"Real estate agent and customers shaking hands together celebrating finished contract\" class=\"wp-image-955\" srcset=\"https:\/\/knaplawyers.com.au\/wp-content\/uploads\/2023\/04\/Real-estate-agent-customer-shaking-hands-1024x374.jpg 1024w, https:\/\/knaplawyers.com.au\/wp-content\/uploads\/2023\/04\/Real-estate-agent-customer-shaking-hands-300x110.jpg 300w, https:\/\/knaplawyers.com.au\/wp-content\/uploads\/2023\/04\/Real-estate-agent-customer-shaking-hands-768x281.jpg 768w, https:\/\/knaplawyers.com.au\/wp-content\/uploads\/2023\/04\/Real-estate-agent-customer-shaking-hands-1536x561.jpg 1536w, https:\/\/knaplawyers.com.au\/wp-content\/uploads\/2023\/04\/Real-estate-agent-customer-shaking-hands-2048x749.jpg 2048w, https:\/\/knaplawyers.com.au\/wp-content\/uploads\/2023\/04\/Real-estate-agent-customer-shaking-hands-18x7.jpg 18w, https:\/\/knaplawyers.com.au\/wp-content\/uploads\/2023\/04\/Real-estate-agent-customer-shaking-hands-1568x573.jpg 1568w\" sizes=\"auto, (max-width: 1024px) 100vw, 1024px\" \/><\/figure>\n\n\n\n<div class=\"wp-block-columns alignfull m-0 is-layout-flex wp-container-core-columns-is-layout-9d6595d7 wp-block-columns-is-layout-flex\">\n<div class=\"wp-block-column is-layout-flow wp-block-column-is-layout-flow\">\n<div class=\"wp-block-columns is-layout-flex wp-container-core-columns-is-layout-9d6595d7 wp-block-columns-is-layout-flex\">\n<div class=\"wp-block-column is-layout-flow wp-block-column-is-layout-flow\">\n<div class=\"wp-block-columns is-layout-flex wp-container-core-columns-is-layout-9d6595d7 wp-block-columns-is-layout-flex\">\n<div class=\"wp-block-column primary-bg-color py-5 text-white is-layout-flow wp-block-column-is-layout-flow\">\n<div class=\"wp-block-columns alignwide are-vertically-aligned-center services-hero-holder is-layout-flex wp-container-core-columns-is-layout-9d6595d7 wp-block-columns-is-layout-flex\">\n<div class=\"wp-block-column is-vertically-aligned-center is-layout-flow wp-block-column-is-layout-flow\">\n<h1 class=\"m-0 wp-block-heading\">Ugoda Maj\u0105tkowa i Umowa Finansowa<\/h1>\n\n\n\n<p>Ugody maj\u0105tkowe i umowy finansowe s\u0105 wa\u017cnymi aspektami post\u0119powa\u0144 z zakresu prawa rodzinnego w Australii. Ugoda maj\u0105tkowa odnosi si\u0119 do podzia\u0142u maj\u0105tku i pasyw\u00f3w mi\u0119dzy stronami po rozpadzie ma\u0142\u017ce\u0144stwa lub zwi\u0105zku de facto, natomiast umowy finansowe to umowy prawne zawierane mi\u0119dzy stronami, okre\u015blaj\u0105ce podzia\u0142 ich \u015brodk\u00f3w finansowych na wypadek separacji lub rozwodu.<\/p>\n<\/div>\n<\/div>\n<\/div>\n<\/div>\n\n\n\n<div class=\"wp-block-columns alignwide service-desc hero mt-5 is-layout-flex wp-container-core-columns-is-layout-9d6595d7 wp-block-columns-is-layout-flex\">\n<div class=\"wp-block-column service-desc-holder is-layout-flow wp-block-column-is-layout-flow\">\n<p class=\" translation-block\">W Australii umowy maj\u0105tkowe i finansowe podlegaj\u0105 ustawie o prawie rodzinnym z 1975 r., kt\u00f3ra okre\u015bla zasady i procedury maj\u0105ce zastosowanie do tych um\u00f3w. Ustawa zapewnia ramy rozstrzygania spor\u00f3w i zapewnia, \u017ce ka\u017cda ze stron otrzyma sprawiedliwy i godziwy udzia\u0142 w aktywach i pasywach.<\/p>\n\n\n\n<p>Proces ugody maj\u0105tkowej mo\u017ce by\u0107 z\u0142o\u017cony i zaleca si\u0119, aby strony zasi\u0119gn\u0119\u0142y porady prawnej w celu zapewnienia ochrony ich praw i uzyskania sprawiedliwej ugody.<\/p>\n\n\n\n<p>Pierwszym krokiem w procesie jest identyfikacja i wycena wszystkich aktyw\u00f3w i pasyw\u00f3w, w tym nieruchomo\u015bci, inwestycji, emerytur i d\u0142ug\u00f3w. Po wykonaniu tej czynno\u015bci strony mog\u0105 negocjowa\u0107 ugod\u0119, kt\u00f3ra jest sprawiedliwa i sprawiedliwa, bior\u0105c pod uwag\u0119 takie czynniki, jak d\u0142ugo\u015b\u0107 zwi\u0105zku, wk\u0142ad ka\u017cdej ze stron w zwi\u0105zek oraz ich przysz\u0142e potrzeby.<\/p>\n\n\n\n<p>Je\u015bli strony nie s\u0105 w stanie osi\u0105gn\u0105\u0107 porozumienia w drodze negocjacji, mog\u0105 potrzebowa\u0107 pomocy S\u0105du Rodzinnego Australii lub Federalnego S\u0105du Okr\u0119gowego Australii. W takich przypadkach s\u0105d rozwa\u017cy szereg czynnik\u00f3w, w tym wk\u0142ad stron w zwi\u0105zek, ich obecne i przysz\u0142e potrzeby oraz wp\u0142yw proponowanej ugody na dzieci w zwi\u0105zku.<\/p>\n\n\n\n<p class=\" translation-block\">Umowy finansowe, zwane r\u00f3wnie\u017c umowami przedma\u0142\u017ce\u0144skimi lub wi\u0105\u017c\u0105cymi umowami finansowymi, to umowy prawne, kt\u00f3re okre\u015blaj\u0105 podzia\u0142 zasob\u00f3w finansowych stron w przypadku separacji lub rozwodu. Umowy te mo\u017cna zawrze\u0107 przed lub w trakcie ma\u0142\u017ce\u0144stwa lub faktycznego zwi\u0105zku i mog\u0105 one pom\u00f3c w zapewnieniu jasno\u015bci i pewno\u015bci w przypadku separacji.<\/p>\n\n\n\n<p>Aby umowy finansowe by\u0142y prawnie wi\u0105\u017c\u0105ce, musz\u0105 spe\u0142nia\u0107 okre\u015blone wymagania, w tym mie\u0107 form\u0119 pisemn\u0105, by\u0107 podpisane przez obie strony i towarzyszy\u0107 im niezale\u017cna porada prawna. Musz\u0105 one r\u00f3wnie\u017c by\u0107 uczciwe i rozs\u0105dne w momencie ich sporz\u0105dzania oraz uwzgl\u0119dnia\u0107 wszelkie zmiany okoliczno\u015bci, kt\u00f3re mog\u0105 wyst\u0105pi\u0107 w przysz\u0142o\u015bci.<\/p>\n\n\n\n<p>Og\u00f3lnie rzecz bior\u0105c, najlepsz\u0105 opcj\u0105 dla stron jest zasi\u0119gni\u0119cie porady prawnej i wsp\u00f3lna praca w celu wynegocjowania sprawiedliwego i godziwego rozwi\u0105zania uwzgl\u0119dniaj\u0105cego ich obecne i przysz\u0142e potrzeby. Je\u015bli jednak strony nie s\u0105 w stanie osi\u0105gn\u0105\u0107 porozumienia w drodze negocjacji, do rozwi\u0105zania spor\u00f3w i zapewnienia, \u017ce ka\u017cda ze stron otrzyma sprawiedliwy udzia\u0142 w aktywach i pasywach, konieczne mo\u017ce by\u0107 porozumienie finansowe lub post\u0119powanie s\u0105dowe. Wi\u0105\u017c\u0105ca umowa finansowa mo\u017ce stanowi\u0107 u\u017cyteczn\u0105 opcj\u0119 dla stron, kt\u00f3re chc\u0105 unikn\u0105\u0107 post\u0119powania s\u0105dowego i zachowa\u0107 kontrol\u0119 nad wynikiem ich ugody.<\/p>\n\n\n\n<p class=\" translation-block\">Nasi prawnicy zajmuj\u0105cy si\u0119 rozliczeniami maj\u0105tkowymi i umowami finansowymi s\u0105 tutaj, aby pom\u00f3c Ci ustali\u0107 podzia\u0142 maj\u0105tku lub kwestie finansowe mi\u0119dzy Tob\u0105 a Twoim partnerem. Prawnicy rodziny Knap pomog\u0105 ci uzyska\u0107 sprawiedliwy udzia\u0142 w puli maj\u0105tku, aby\u015b m\u00f3g\u0142 ruszy\u0107 dalej ze swoim \u017cyciem po separacji. Skontaktuj si\u0119 z nami ju\u017c dzi\u015b!<\/p>\n<\/div>\n<\/div>\n<\/div>\n<\/div>\n<\/div>\n<\/div>\n\n\n\n<div class=\"wp-block-group alignfull has-background\" style=\"background-color:#a12346\"><div class=\"wp-block-group__inner-container is-layout-constrained wp-block-group-is-layout-constrained\">\n<div class=\"wp-block-columns alignfull are-vertically-aligned-center is-not-stacked-on-mobile talk-container py-5 is-style-default m-0 has-text-color has-background is-layout-flex wp-container-core-columns-is-layout-9d6595d7 wp-block-columns-is-layout-flex\" style=\"color:#ffffff00;background-color:#ffffff00\">\n<div class=\"wp-block-column is-vertically-aligned-center is-layout-flow wp-block-column-is-layout-flow\">\n<h2 class=\"text-center m-0 has-white-color has-text-color wp-block-heading\">Talk to Knap Lawyers<\/h2>\n\n\n\n<p class=\"text-center m-0 has-white-color has-text-color\">Need a Divorce Lawyer or advice on Family Law process? Knap Lawyers are here to help.<a href=\"https:\/\/www.owenhodge.com.au\/#\"><\/a><\/p>\n\n\n\n<div class=\"wp-block-buttons secondary-b is-horizontal is-content-justification-center is-layout-flex wp-container-core-buttons-is-layout-499968f5 wp-block-buttons-is-layout-flex\">\n<div class=\"wp-block-button secondary-btn is-style-fill\"><a class=\"wp-block-button__link wp-element-button\" href=\"\/contact\/\">Skontaktuj si\u0119<\/a><\/div>\n<\/div>\n<\/div>\n<\/div>\n<\/div><\/div>","protected":false},"excerpt":{"rendered":"<p>&hellip; <a class=\"more-link\" href=\"https:\/\/knaplawyers.com.au\/pl\/uslugi-prawne\/prawo-rodzinne\/podzial-majatku-i-umowy-finansowe\/\">Czytaj dalej <span class=\"screen-reader-text\">Ugoda Maj\u0105tkowa i Umowa Finansowa<\/span><\/a><\/p>","protected":false},"author":3,"featured_media":0,"parent":382,"menu_order":-1,"comment_status":"closed","ping_status":"closed","template":"","meta":{"footnotes":""},"class_list":["post-854","page","type-page","status-publish","hentry","entry"],"yoast_head":"<!-- This site is optimized with the Yoast SEO plugin v27.4 - https:\/\/yoast.com\/product\/yoast-seo-wordpress\/ -->\n<title>Property Settlement &amp; Financial Agreement - Legal Services | Knap Lawyers<\/title>\n<meta name=\"description\" content=\"Knap family lawyers will help you obtain a fair share of the property pool, so that you can move forward with your life after separation.\" \/>\n<meta name=\"robots\" content=\"index, follow, max-snippet:-1, max-image-preview:large, max-video-preview:-1\" \/>\n<link rel=\"canonical\" href=\"https:\/\/www.knaplawyers.com.au\/legal-services\/family-law\/property-settlement-and-financial-agreement\/\" \/>\n<meta property=\"og:locale\" content=\"pl_PL\" \/>\n<meta property=\"og:type\" content=\"article\" \/>\n<meta property=\"og:title\" content=\"Property Settlement &amp; Financial Agreement - Legal Services | Knap Lawyers\" \/>\n<meta property=\"og:description\" content=\"Knap family lawyers will help you obtain a fair share of the property pool, so that you can move forward with your life after separation.\" \/>\n<meta property=\"og:url\" content=\"https:\/\/www.knaplawyers.com.au\/legal-services\/family-law\/property-settlement-and-financial-agreement\/\" \/>\n<meta property=\"og:site_name\" content=\"Knap Lawyers\" \/>\n<meta property=\"article:modified_time\" content=\"2023-04-22T12:11:45+00:00\" \/>\n<meta property=\"og:image\" content=\"https:\/\/knaplawyers.com.au\/wp-content\/uploads\/2023\/04\/Real-estate-agent-customer-shaking-hands-1024x374.jpg\" \/>\n<meta name=\"twitter:card\" content=\"summary_large_image\" \/>\n<meta name=\"twitter:label1\" content=\"Szacowany czas czytania\" \/>\n\t<meta name=\"twitter:data1\" content=\"3 minuty\" \/>\n<script type=\"application\/ld+json\" class=\"yoast-schema-graph\">{\"@context\":\"https:\\\/\\\/schema.org\",\"@graph\":[{\"@type\":\"WebPage\",\"@id\":\"https:\\\/\\\/www.knaplawyers.com.au\\\/legal-services\\\/family-law\\\/property-settlement-and-financial-agreement\\\/\",\"url\":\"https:\\\/\\\/www.knaplawyers.com.au\\\/legal-services\\\/family-law\\\/property-settlement-and-financial-agreement\\\/\",\"name\":\"Property Settlement &amp; Financial Agreement - Legal Services | Knap Lawyers\",\"isPartOf\":{\"@id\":\"https:\\\/\\\/www.knaplawyers.com.au\\\/#website\"},\"primaryImageOfPage\":{\"@id\":\"https:\\\/\\\/www.knaplawyers.com.au\\\/legal-services\\\/family-law\\\/property-settlement-and-financial-agreement\\\/#primaryimage\"},\"image\":{\"@id\":\"https:\\\/\\\/www.knaplawyers.com.au\\\/legal-services\\\/family-law\\\/property-settlement-and-financial-agreement\\\/#primaryimage\"},\"thumbnailUrl\":\"https:\\\/\\\/knaplawyers.com.au\\\/wp-content\\\/uploads\\\/2023\\\/04\\\/Real-estate-agent-customer-shaking-hands-1024x374.jpg\",\"datePublished\":\"2023-03-21T12:14:59+00:00\",\"dateModified\":\"2023-04-22T12:11:45+00:00\",\"description\":\"Knap family lawyers will help you obtain a fair share of the property pool, so that you can move forward with your life after separation.\",\"breadcrumb\":{\"@id\":\"https:\\\/\\\/www.knaplawyers.com.au\\\/legal-services\\\/family-law\\\/property-settlement-and-financial-agreement\\\/#breadcrumb\"},\"inLanguage\":\"pl-PL\",\"potentialAction\":[{\"@type\":\"ReadAction\",\"target\":[\"https:\\\/\\\/www.knaplawyers.com.au\\\/legal-services\\\/family-law\\\/property-settlement-and-financial-agreement\\\/\"]}]},{\"@type\":\"ImageObject\",\"inLanguage\":\"pl-PL\",\"@id\":\"https:\\\/\\\/www.knaplawyers.com.au\\\/legal-services\\\/family-law\\\/property-settlement-and-financial-agreement\\\/#primaryimage\",\"url\":\"https:\\\/\\\/knaplawyers.com.au\\\/wp-content\\\/uploads\\\/2023\\\/04\\\/Real-estate-agent-customer-shaking-hands-1024x374.jpg\",\"contentUrl\":\"https:\\\/\\\/knaplawyers.com.au\\\/wp-content\\\/uploads\\\/2023\\\/04\\\/Real-estate-agent-customer-shaking-hands-1024x374.jpg\"},{\"@type\":\"BreadcrumbList\",\"@id\":\"https:\\\/\\\/www.knaplawyers.com.au\\\/legal-services\\\/family-law\\\/property-settlement-and-financial-agreement\\\/#breadcrumb\",\"itemListElement\":[{\"@type\":\"ListItem\",\"position\":1,\"name\":\"Home\",\"item\":\"https:\\\/\\\/knaplawyers.com.au\\\/\"},{\"@type\":\"ListItem\",\"position\":2,\"name\":\"Legal Services\",\"item\":\"https:\\\/\\\/www.knaplawyers.com.au\\\/legal-services\\\/\"},{\"@type\":\"ListItem\",\"position\":3,\"name\":\"Family Law\",\"item\":\"https:\\\/\\\/www.knaplawyers.com.au\\\/legal-services\\\/family-law\\\/\"},{\"@type\":\"ListItem\",\"position\":4,\"name\":\"Property Settlement &amp; Financial Agreement\"}]},{\"@type\":\"WebSite\",\"@id\":\"https:\\\/\\\/www.knaplawyers.com.au\\\/#website\",\"url\":\"https:\\\/\\\/www.knaplawyers.com.au\\\/\",\"name\":\"Knap Lawyers\",\"description\":\"\",\"potentialAction\":[{\"@type\":\"SearchAction\",\"target\":{\"@type\":\"EntryPoint\",\"urlTemplate\":\"https:\\\/\\\/www.knaplawyers.com.au\\\/?s={search_term_string}\"},\"query-input\":{\"@type\":\"PropertyValueSpecification\",\"valueRequired\":true,\"valueName\":\"search_term_string\"}}],\"inLanguage\":\"pl-PL\"}]}<\/script>\n<!-- \/ Yoast SEO plugin. -->","yoast_head_json":{"title":"Property Settlement &amp; Financial Agreement - Legal Services | Knap Lawyers","description":"Pomo\u017cemy Ci sporz\u0105dzi\u0107 i wynegocjowa\u0107 ugod\u0119 dotycz\u0105c\u0105 podzia\u0142u maj\u0105tku oraz umow\u0119 finansow\u0105, kt\u00f3ra b\u0119dzie obejmowa\u0142a prawa, obowi\u0105zki i aktywa ka\u017cdej ze stron.","robots":{"index":"index","follow":"follow","max-snippet":"max-snippet:-1","max-image-preview":"max-image-preview:large","max-video-preview":"max-video-preview:-1"},"canonical":"https:\/\/www.knaplawyers.com.au\/legal-services\/family-law\/property-settlement-and-financial-agreement\/","og_locale":"pl_PL","og_type":"article","og_title":"Property Settlement &amp; Financial Agreement - Legal Services | Knap Lawyers","og_description":"Knap family lawyers will help you obtain a fair share of the property pool, so that you can move forward with your life after separation.","og_url":"https:\/\/www.knaplawyers.com.au\/legal-services\/family-law\/property-settlement-and-financial-agreement\/","og_site_name":"Knap Lawyers","article_modified_time":"2023-04-22T12:11:45+00:00","og_image":[{"url":"https:\/\/knaplawyers.com.au\/wp-content\/uploads\/2023\/04\/Real-estate-agent-customer-shaking-hands-1024x374.jpg","type":"","width":"","height":""}],"twitter_card":"summary_large_image","twitter_misc":{"Szacowany czas czytania":"3 minuty"},"schema":{"@context":"https:\/\/schema.org","@graph":[{"@type":"WebPage","@id":"https:\/\/www.knaplawyers.com.au\/legal-services\/family-law\/property-settlement-and-financial-agreement\/","url":"https:\/\/www.knaplawyers.com.au\/legal-services\/family-law\/property-settlement-and-financial-agreement\/","name":"Property Settlement &amp; Financial Agreement - Legal Services | Knap Lawyers","isPartOf":{"@id":"https:\/\/www.knaplawyers.com.au\/#website"},"primaryImageOfPage":{"@id":"https:\/\/www.knaplawyers.com.au\/legal-services\/family-law\/property-settlement-and-financial-agreement\/#primaryimage"},"image":{"@id":"https:\/\/www.knaplawyers.com.au\/legal-services\/family-law\/property-settlement-and-financial-agreement\/#primaryimage"},"thumbnailUrl":"https:\/\/knaplawyers.com.au\/wp-content\/uploads\/2023\/04\/Real-estate-agent-customer-shaking-hands-1024x374.jpg","datePublished":"2023-03-21T12:14:59+00:00","dateModified":"2023-04-22T12:11:45+00:00","description":"Pomo\u017cemy Ci sporz\u0105dzi\u0107 i wynegocjowa\u0107 ugod\u0119 dotycz\u0105c\u0105 podzia\u0142u maj\u0105tku oraz umow\u0119 finansow\u0105, kt\u00f3ra b\u0119dzie obejmowa\u0142a prawa, obowi\u0105zki i aktywa ka\u017cdej ze stron.","breadcrumb":{"@id":"https:\/\/www.knaplawyers.com.au\/legal-services\/family-law\/property-settlement-and-financial-agreement\/#breadcrumb"},"inLanguage":"pl-PL","potentialAction":[{"@type":"ReadAction","target":["https:\/\/www.knaplawyers.com.au\/legal-services\/family-law\/property-settlement-and-financial-agreement\/"]}]},{"@type":"ImageObject","inLanguage":"pl-PL","@id":"https:\/\/www.knaplawyers.com.au\/legal-services\/family-law\/property-settlement-and-financial-agreement\/#primaryimage","url":"https:\/\/knaplawyers.com.au\/wp-content\/uploads\/2023\/04\/Real-estate-agent-customer-shaking-hands-1024x374.jpg","contentUrl":"https:\/\/knaplawyers.com.au\/wp-content\/uploads\/2023\/04\/Real-estate-agent-customer-shaking-hands-1024x374.jpg"},{"@type":"BreadcrumbList","@id":"https:\/\/www.knaplawyers.com.au\/legal-services\/family-law\/property-settlement-and-financial-agreement\/#breadcrumb","itemListElement":[{"@type":"ListItem","position":1,"name":"Home","item":"https:\/\/knaplawyers.com.au\/"},{"@type":"ListItem","position":2,"name":"Legal Services","item":"https:\/\/www.knaplawyers.com.au\/legal-services\/"},{"@type":"ListItem","position":3,"name":"Family Law","item":"https:\/\/www.knaplawyers.com.au\/legal-services\/family-law\/"},{"@type":"ListItem","position":4,"name":"Property Settlement &amp; Financial Agreement"}]},{"@type":"WebSite","@id":"https:\/\/www.knaplawyers.com.au\/#website","url":"https:\/\/www.knaplawyers.com.au\/","name":"Knap Lawyers","description":"","potentialAction":[{"@type":"SearchAction","target":{"@type":"EntryPoint","urlTemplate":"https:\/\/www.knaplawyers.com.au\/?s={search_term_string}"},"query-input":{"@type":"PropertyValueSpecification","valueRequired":true,"valueName":"search_term_string"}}],"inLanguage":"pl-PL"}]}},"_links":{"self":[{"href":"https:\/\/knaplawyers.com.au\/pl\/wp-json\/wp\/v2\/pages\/854","targetHints":{"allow":["GET"]}}],"collection":[{"href":"https:\/\/knaplawyers.com.au\/pl\/wp-json\/wp\/v2\/pages"}],"about":[{"href":"https:\/\/knaplawyers.com.au\/pl\/wp-json\/wp\/v2\/types\/page"}],"author":[{"embeddable":true,"href":"https:\/\/knaplawyers.com.au\/pl\/wp-json\/wp\/v2\/users\/3"}],"replies":[{"embeddable":true,"href":"https:\/\/knaplawyers.com.au\/pl\/wp-json\/wp\/v2\/comments?post=854"}],"version-history":[{"count":0,"href":"https:\/\/knaplawyers.com.au\/pl\/wp-json\/wp\/v2\/pages\/854\/revisions"}],"up":[{"embeddable":true,"href":"https:\/\/knaplawyers.com.au\/pl\/wp-json\/wp\/v2\/pages\/382"}],"wp:attachment":[{"href":"https:\/\/knaplawyers.com.au\/pl\/wp-json\/wp\/v2\/media?parent=854"}],"curies":[{"name":"wp","href":"https:\/\/api.w.org\/{rel}","templated":true}]}}