{"id":851,"date":"2023-03-21T11:57:26","date_gmt":"2023-03-21T11:57:26","guid":{"rendered":"https:\/\/knapla.wpengine.com\/?page_id=851"},"modified":"2023-04-22T12:11:45","modified_gmt":"2023-04-22T12:11:45","slug":"parenting-agreements","status":"publish","type":"page","link":"https:\/\/knaplawyers.com.au\/pl\/uslugi-prawne\/prawo-rodzinne\/umowy-rodzicielskie\/","title":{"rendered":"Umowy Rodzicielskie"},"content":{"rendered":"<figure class=\"wp-block-image alignfull size-large non-dim-hero service-page m-0\"><img loading=\"lazy\" decoding=\"async\" width=\"1024\" height=\"282\" src=\"https:\/\/knaplawyers.com.au\/wp-content\/uploads\/2023\/04\/Perfect-family-holding-hands-1024x282.jpg\" alt=\"\" class=\"wp-image-953\" srcset=\"https:\/\/knaplawyers.com.au\/wp-content\/uploads\/2023\/04\/Perfect-family-holding-hands-1024x282.jpg 1024w, https:\/\/knaplawyers.com.au\/wp-content\/uploads\/2023\/04\/Perfect-family-holding-hands-300x83.jpg 300w, https:\/\/knaplawyers.com.au\/wp-content\/uploads\/2023\/04\/Perfect-family-holding-hands-768x212.jpg 768w, https:\/\/knaplawyers.com.au\/wp-content\/uploads\/2023\/04\/Perfect-family-holding-hands-1536x423.jpg 1536w, https:\/\/knaplawyers.com.au\/wp-content\/uploads\/2023\/04\/Perfect-family-holding-hands-2048x564.jpg 2048w, https:\/\/knaplawyers.com.au\/wp-content\/uploads\/2023\/04\/Perfect-family-holding-hands-18x5.jpg 18w, https:\/\/knaplawyers.com.au\/wp-content\/uploads\/2023\/04\/Perfect-family-holding-hands-1568x432.jpg 1568w\" sizes=\"auto, (max-width: 1024px) 100vw, 1024px\" \/><\/figure>\n\n\n\n<div class=\"wp-block-columns alignfull m-0 is-layout-flex wp-container-core-columns-is-layout-9d6595d7 wp-block-columns-is-layout-flex\">\n<div class=\"wp-block-column is-layout-flow wp-block-column-is-layout-flow\">\n<div class=\"wp-block-columns is-layout-flex wp-container-core-columns-is-layout-9d6595d7 wp-block-columns-is-layout-flex\">\n<div class=\"wp-block-column is-layout-flow wp-block-column-is-layout-flow\">\n<div class=\"wp-block-columns is-layout-flex wp-container-core-columns-is-layout-9d6595d7 wp-block-columns-is-layout-flex\">\n<div class=\"wp-block-column primary-bg-color py-5 text-white is-layout-flow wp-block-column-is-layout-flow\">\n<div class=\"wp-block-columns alignwide are-vertically-aligned-center services-hero-holder is-layout-flex wp-container-core-columns-is-layout-9d6595d7 wp-block-columns-is-layout-flex\">\n<div class=\"wp-block-column is-vertically-aligned-center is-layout-flow wp-block-column-is-layout-flow\">\n<h1 class=\"m-0 wp-block-heading\">Umowy Rodzicielskie<\/h1>\n\n\n\n<p>Porozumienia rodzicielskie to umowy prawne zawierane mi\u0119dzy rodzicami, kt\u00f3re okre\u015blaj\u0105 ustalenia dotycz\u0105ce opieki i dobra ich dzieci po separacji lub rozwodzie. W Australii umowy rodzicielskie podlegaj\u0105 ustawie o prawie rodzinnym z 1975 r., kt\u00f3ra okre\u015bla obowi\u0105zki i obowi\u0105zki rodzic\u00f3w oraz zapewnia ramy rozstrzygania spor\u00f3w.<\/p>\n<\/div>\n<\/div>\n<\/div>\n<\/div>\n\n\n\n<div class=\"wp-block-columns alignwide service-desc hero mt-5 is-layout-flex wp-container-core-columns-is-layout-9d6595d7 wp-block-columns-is-layout-flex\">\n<div class=\"wp-block-column service-desc-holder is-layout-flow wp-block-column-is-layout-flow\">\n<p>Podstawowym obowi\u0105zkiem rodzic\u00f3w jest zapewnienie najlepszego interesu ich dzieci. Oznacza to, \u017ce rodzice musz\u0105 podejmowa\u0107 decyzje, kt\u00f3re promuj\u0105 bezpiecze\u0144stwo, dobro i rozw\u00f3j dzieci. S\u0105 odpowiedzialni mi\u0119dzy innymi za podejmowanie decyzji dotycz\u0105cych warunk\u00f3w \u017cycia dzieci, edukacji, zdrowia i religii.<\/p>\n\n\n\n<p>Proces tworzenia umowy rodzicielskiej w Australii mo\u017ce si\u0119 r\u00f3\u017cni\u0107 w zale\u017cno\u015bci od sytuacji rodzinnej. W niekt\u00f3rych przypadkach rodzice mog\u0105 wynegocjowa\u0107 porozumienie w drodze nieformalnych dyskusji lub z pomoc\u0105 mediatora. Jest to cz\u0119sto preferowana opcja, poniewa\u017c pozwala rodzicom doj\u015b\u0107 do porozumienia, kt\u00f3re odpowiada ich potrzebom i okoliczno\u015bciom.<\/p>\n\n\n\n<p>Je\u015bli rodzice nie s\u0105 w stanie doj\u015b\u0107 do porozumienia w drodze negocjacji lub mediacji, by\u0107 mo\u017ce b\u0119d\u0105 musieli zwr\u00f3ci\u0107 si\u0119 o pomoc do S\u0105du Rodzinnego Australii lub Federalnego S\u0105du Okr\u0119gowego Australii. W takich przypadkach s\u0105d rozwa\u017cy najlepszy interes dzieci i wyda postanowienia odzwierciedlaj\u0105ce ten interes.<\/p>\n\n\n\n<p>Tworz\u0105c umow\u0119 rodzicielsk\u0105, nale\u017cy wzi\u0105\u0107 pod uwag\u0119 kilka czynnik\u00f3w, aby upewni\u0107 si\u0119, \u017ce le\u017cy to w najlepszym interesie dzieci. Obejmuj\u0105 one:<\/p>\n\n\n\n<ul class=\"wp-block-list\">\n<li>Wiek, dojrza\u0142o\u015b\u0107 i rozw\u00f3j dzieci<\/li>\n\n\n\n<li>\u017byczenia dzieci, je\u015bli s\u0105 na tyle du\u017ce, aby je wyrazi\u0107.<\/li>\n\n\n\n<li>Charakter relacji mi\u0119dzy dzie\u0107mi a ka\u017cdym z rodzic\u00f3w<\/li>\n\n\n\n<li>Zdolno\u015b\u0107 ka\u017cdego rodzica do zaspokojenia potrzeb dzieci, w tym potrzeb finansowych, emocjonalnych i fizycznych.<\/li>\n\n\n\n<li>Wszelkie specjalne potrzeby lub wymagania dzieci, takie jak potrzeby medyczne lub edukacyjne<\/li>\n\n\n\n<li>Praktyczne aspekty proponowanych ustale\u0144, takie jak odleg\u0142o\u015b\u0107 mi\u0119dzy domem a szko\u0142\u0105<\/li>\n<\/ul>\n\n\n\n<p>Og\u00f3lnie rzecz bior\u0105c, najlepsz\u0105 opcj\u0105 dla rodzic\u00f3w jest wsp\u00f3lna praca nad stworzeniem umowy rodzicielskiej, kt\u00f3ra le\u017cy w najlepszym interesie ich dzieci. Mo\u017ce to pom\u00f3c w ograniczeniu konflikt\u00f3w i zapewni\u0107 stabilne i bezpieczne \u015brodowisko dla dzieci. Je\u015bli jednak rodzice nie mog\u0105 doj\u015b\u0107 do porozumienia, w celu rozwi\u0105zania sporu i zapewnienia najlepszego interesu dziecka mo\u017ce by\u0107 konieczne skorzystanie z pomocy mediatora rodzinnego lub s\u0105du.<\/p>\n\n\n\n<p>Rozumiemy, jak trudno jest rodzicom i dzieciom przej\u015b\u0107 przez separacj\u0119 i rozw\u00f3d. Dlatego jako prawnicy rodzinni robimy wszystko, co w naszej mocy, aby pom\u00f3c Ci osi\u0105gn\u0105\u0107 porozumienie z by\u0142ym partnerem, kt\u00f3re chroni interesy Twojego dziecka lub dzieci.<\/p>\n\n\n\n<p class=\" translation-block\">Naszym celem jest pomoc w osi\u0105gni\u0119ciu porozumienia rodzicielskiego, kt\u00f3re b\u0119dzie korzystne dla was obojga i kt\u00f3re pozwoli ka\u017cdemu z rodzic\u00f3w sp\u0119dzi\u0107 jak najwi\u0119cej czasu ze swoim dzieckiem lub dzie\u0107mi. B\u0119dziemy z Tob\u0105 wsp\u00f3\u0142pracowa\u0107, dop\u00f3ki nie osi\u0105gniemy porozumienia, kt\u00f3re odzwierciedla Twoje \u017cyczenia i zapewnia jasny proces rodzicielstwa po separacji. Skontaktuj si\u0119 z nami ju\u017c dzi\u015b!<\/p>\n<\/div>\n<\/div>\n<\/div>\n<\/div>\n<\/div>\n<\/div>\n\n\n\n<div class=\"wp-block-group alignfull has-background\" style=\"background-color:#a12346\"><div class=\"wp-block-group__inner-container is-layout-constrained wp-block-group-is-layout-constrained\">\n<div class=\"wp-block-columns alignfull are-vertically-aligned-center is-not-stacked-on-mobile talk-container py-5 is-style-default m-0 has-text-color has-background is-layout-flex wp-container-core-columns-is-layout-9d6595d7 wp-block-columns-is-layout-flex\" style=\"color:#ffffff00;background-color:#ffffff00\">\n<div class=\"wp-block-column is-vertically-aligned-center is-layout-flow wp-block-column-is-layout-flow\">\n<h2 class=\"text-center m-0 has-white-color has-text-color wp-block-heading\">Talk to Knap Lawyers<\/h2>\n\n\n\n<p class=\"text-center m-0 has-white-color has-text-color\">Need a Divorce Lawyer or advice on Family Law process? Knap Lawyers are here to help.<a href=\"https:\/\/www.owenhodge.com.au\/#\"><\/a><\/p>\n\n\n\n<div class=\"wp-block-buttons secondary-b is-horizontal is-content-justification-center is-layout-flex wp-container-core-buttons-is-layout-499968f5 wp-block-buttons-is-layout-flex\">\n<div class=\"wp-block-button secondary-btn is-style-fill\"><a class=\"wp-block-button__link wp-element-button\" href=\"\/contact\/\">Skontaktuj si\u0119<\/a><\/div>\n<\/div>\n<\/div>\n<\/div>\n<\/div><\/div>","protected":false},"excerpt":{"rendered":"<p>&hellip; <a class=\"more-link\" href=\"https:\/\/knaplawyers.com.au\/pl\/uslugi-prawne\/prawo-rodzinne\/umowy-rodzicielskie\/\">Czytaj dalej <span class=\"screen-reader-text\">Umowy Rodzicielskie<\/span><\/a><\/p>","protected":false},"author":3,"featured_media":0,"parent":382,"menu_order":-1,"comment_status":"closed","ping_status":"closed","template":"","meta":{"footnotes":""},"class_list":["post-851","page","type-page","status-publish","hentry","entry"],"yoast_head":"<!-- This site is optimized with the Yoast SEO plugin v27.4 - https:\/\/yoast.com\/product\/yoast-seo-wordpress\/ -->\n<title>Property Settlement &amp; Financial Agreement | Knap Lawyers<\/title>\n<meta name=\"description\" content=\"We help you draft and negotiate a Property Settlement Agreement and Financial Agreement that will cover each party&#039;s rights, responsibilities &amp; assets.\" \/>\n<meta name=\"robots\" content=\"index, follow, max-snippet:-1, max-image-preview:large, max-video-preview:-1\" \/>\n<link rel=\"canonical\" href=\"https:\/\/www.knaplawyers.com.au\/legal-services\/family-law\/parenting-agreements\/\" \/>\n<meta property=\"og:locale\" content=\"pl_PL\" \/>\n<meta property=\"og:type\" content=\"article\" \/>\n<meta property=\"og:title\" content=\"Property Settlement &amp; Financial Agreement | Knap Lawyers\" \/>\n<meta property=\"og:description\" content=\"We help you draft and negotiate a Property Settlement Agreement and Financial Agreement that will cover each party&#039;s rights, responsibilities &amp; assets.\" \/>\n<meta property=\"og:url\" content=\"https:\/\/www.knaplawyers.com.au\/legal-services\/family-law\/parenting-agreements\/\" \/>\n<meta property=\"og:site_name\" content=\"Knap Lawyers\" \/>\n<meta property=\"article:modified_time\" content=\"2023-04-22T12:11:45+00:00\" \/>\n<meta property=\"og:image\" content=\"https:\/\/knaplawyers.com.au\/wp-content\/uploads\/2023\/04\/Perfect-family-holding-hands-1024x282.jpg\" \/>\n<meta name=\"twitter:card\" content=\"summary_large_image\" \/>\n<meta name=\"twitter:label1\" content=\"Szacowany czas czytania\" \/>\n\t<meta name=\"twitter:data1\" content=\"3 minuty\" \/>\n<script type=\"application\/ld+json\" class=\"yoast-schema-graph\">{\"@context\":\"https:\\\/\\\/schema.org\",\"@graph\":[{\"@type\":\"WebPage\",\"@id\":\"https:\\\/\\\/www.knaplawyers.com.au\\\/legal-services\\\/family-law\\\/parenting-agreements\\\/\",\"url\":\"https:\\\/\\\/www.knaplawyers.com.au\\\/legal-services\\\/family-law\\\/parenting-agreements\\\/\",\"name\":\"Property Settlement & Financial Agreement | Knap Lawyers\",\"isPartOf\":{\"@id\":\"https:\\\/\\\/www.knaplawyers.com.au\\\/#website\"},\"primaryImageOfPage\":{\"@id\":\"https:\\\/\\\/www.knaplawyers.com.au\\\/legal-services\\\/family-law\\\/parenting-agreements\\\/#primaryimage\"},\"image\":{\"@id\":\"https:\\\/\\\/www.knaplawyers.com.au\\\/legal-services\\\/family-law\\\/parenting-agreements\\\/#primaryimage\"},\"thumbnailUrl\":\"https:\\\/\\\/knaplawyers.com.au\\\/wp-content\\\/uploads\\\/2023\\\/04\\\/Perfect-family-holding-hands-1024x282.jpg\",\"datePublished\":\"2023-03-21T11:57:26+00:00\",\"dateModified\":\"2023-04-22T12:11:45+00:00\",\"description\":\"We help you draft and negotiate a Property Settlement Agreement and Financial Agreement that will cover each party's rights, responsibilities & assets.\",\"breadcrumb\":{\"@id\":\"https:\\\/\\\/www.knaplawyers.com.au\\\/legal-services\\\/family-law\\\/parenting-agreements\\\/#breadcrumb\"},\"inLanguage\":\"pl-PL\",\"potentialAction\":[{\"@type\":\"ReadAction\",\"target\":[\"https:\\\/\\\/www.knaplawyers.com.au\\\/legal-services\\\/family-law\\\/parenting-agreements\\\/\"]}]},{\"@type\":\"ImageObject\",\"inLanguage\":\"pl-PL\",\"@id\":\"https:\\\/\\\/www.knaplawyers.com.au\\\/legal-services\\\/family-law\\\/parenting-agreements\\\/#primaryimage\",\"url\":\"https:\\\/\\\/knaplawyers.com.au\\\/wp-content\\\/uploads\\\/2023\\\/04\\\/Perfect-family-holding-hands-1024x282.jpg\",\"contentUrl\":\"https:\\\/\\\/knaplawyers.com.au\\\/wp-content\\\/uploads\\\/2023\\\/04\\\/Perfect-family-holding-hands-1024x282.jpg\"},{\"@type\":\"BreadcrumbList\",\"@id\":\"https:\\\/\\\/www.knaplawyers.com.au\\\/legal-services\\\/family-law\\\/parenting-agreements\\\/#breadcrumb\",\"itemListElement\":[{\"@type\":\"ListItem\",\"position\":1,\"name\":\"Home\",\"item\":\"https:\\\/\\\/knaplawyers.com.au\\\/\"},{\"@type\":\"ListItem\",\"position\":2,\"name\":\"Legal Services\",\"item\":\"https:\\\/\\\/www.knaplawyers.com.au\\\/legal-services\\\/\"},{\"@type\":\"ListItem\",\"position\":3,\"name\":\"Family Law\",\"item\":\"https:\\\/\\\/www.knaplawyers.com.au\\\/legal-services\\\/family-law\\\/\"},{\"@type\":\"ListItem\",\"position\":4,\"name\":\"Parenting Agreements\"}]},{\"@type\":\"WebSite\",\"@id\":\"https:\\\/\\\/www.knaplawyers.com.au\\\/#website\",\"url\":\"https:\\\/\\\/www.knaplawyers.com.au\\\/\",\"name\":\"Knap Lawyers\",\"description\":\"\",\"potentialAction\":[{\"@type\":\"SearchAction\",\"target\":{\"@type\":\"EntryPoint\",\"urlTemplate\":\"https:\\\/\\\/www.knaplawyers.com.au\\\/?s={search_term_string}\"},\"query-input\":{\"@type\":\"PropertyValueSpecification\",\"valueRequired\":true,\"valueName\":\"search_term_string\"}}],\"inLanguage\":\"pl-PL\"}]}<\/script>\n<!-- \/ Yoast SEO plugin. -->","yoast_head_json":{"title":"Umowy Rodzicielskie - Prawnik Rodzinny Sydney | KNAP Lawyers","description":"We help you draft and negotiate a Property Settlement Agreement and Financial Agreement that will cover each party's rights, responsibilities & assets.","robots":{"index":"index","follow":"follow","max-snippet":"max-snippet:-1","max-image-preview":"max-image-preview:large","max-video-preview":"max-video-preview:-1"},"canonical":"https:\/\/www.knaplawyers.com.au\/legal-services\/family-law\/parenting-agreements\/","og_locale":"pl_PL","og_type":"article","og_title":"Property Settlement & Financial Agreement | Knap Lawyers","og_description":"We help you draft and negotiate a Property Settlement Agreement and Financial Agreement that will cover each party's rights, responsibilities & assets.","og_url":"https:\/\/www.knaplawyers.com.au\/legal-services\/family-law\/parenting-agreements\/","og_site_name":"Knap Lawyers","article_modified_time":"2023-04-22T12:11:45+00:00","og_image":[{"url":"https:\/\/knaplawyers.com.au\/wp-content\/uploads\/2023\/04\/Perfect-family-holding-hands-1024x282.jpg","type":"","width":"","height":""}],"twitter_card":"summary_large_image","twitter_misc":{"Szacowany czas czytania":"3 minuty"},"schema":{"@context":"https:\/\/schema.org","@graph":[{"@type":"WebPage","@id":"https:\/\/www.knaplawyers.com.au\/legal-services\/family-law\/parenting-agreements\/","url":"https:\/\/www.knaplawyers.com.au\/legal-services\/family-law\/parenting-agreements\/","name":"Umowy Rodzicielskie - Prawnik Rodzinny Sydney | KNAP Lawyers","isPartOf":{"@id":"https:\/\/www.knaplawyers.com.au\/#website"},"primaryImageOfPage":{"@id":"https:\/\/www.knaplawyers.com.au\/legal-services\/family-law\/parenting-agreements\/#primaryimage"},"image":{"@id":"https:\/\/www.knaplawyers.com.au\/legal-services\/family-law\/parenting-agreements\/#primaryimage"},"thumbnailUrl":"https:\/\/knaplawyers.com.au\/wp-content\/uploads\/2023\/04\/Perfect-family-holding-hands-1024x282.jpg","datePublished":"2023-03-21T11:57:26+00:00","dateModified":"2023-04-22T12:11:45+00:00","description":"We help you draft and negotiate a Property Settlement Agreement and Financial Agreement that will cover each party's rights, responsibilities & assets.","breadcrumb":{"@id":"https:\/\/www.knaplawyers.com.au\/legal-services\/family-law\/parenting-agreements\/#breadcrumb"},"inLanguage":"pl-PL","potentialAction":[{"@type":"ReadAction","target":["https:\/\/www.knaplawyers.com.au\/legal-services\/family-law\/parenting-agreements\/"]}]},{"@type":"ImageObject","inLanguage":"pl-PL","@id":"https:\/\/www.knaplawyers.com.au\/legal-services\/family-law\/parenting-agreements\/#primaryimage","url":"https:\/\/knaplawyers.com.au\/wp-content\/uploads\/2023\/04\/Perfect-family-holding-hands-1024x282.jpg","contentUrl":"https:\/\/knaplawyers.com.au\/wp-content\/uploads\/2023\/04\/Perfect-family-holding-hands-1024x282.jpg"},{"@type":"BreadcrumbList","@id":"https:\/\/www.knaplawyers.com.au\/legal-services\/family-law\/parenting-agreements\/#breadcrumb","itemListElement":[{"@type":"ListItem","position":1,"name":"Home","item":"https:\/\/knaplawyers.com.au\/"},{"@type":"ListItem","position":2,"name":"Legal Services","item":"https:\/\/www.knaplawyers.com.au\/legal-services\/"},{"@type":"ListItem","position":3,"name":"Family Law","item":"https:\/\/www.knaplawyers.com.au\/legal-services\/family-law\/"},{"@type":"ListItem","position":4,"name":"Parenting Agreements"}]},{"@type":"WebSite","@id":"https:\/\/www.knaplawyers.com.au\/#website","url":"https:\/\/www.knaplawyers.com.au\/","name":"Knap Lawyers","description":"","potentialAction":[{"@type":"SearchAction","target":{"@type":"EntryPoint","urlTemplate":"https:\/\/www.knaplawyers.com.au\/?s={search_term_string}"},"query-input":{"@type":"PropertyValueSpecification","valueRequired":true,"valueName":"search_term_string"}}],"inLanguage":"pl-PL"}]}},"_links":{"self":[{"href":"https:\/\/knaplawyers.com.au\/pl\/wp-json\/wp\/v2\/pages\/851","targetHints":{"allow":["GET"]}}],"collection":[{"href":"https:\/\/knaplawyers.com.au\/pl\/wp-json\/wp\/v2\/pages"}],"about":[{"href":"https:\/\/knaplawyers.com.au\/pl\/wp-json\/wp\/v2\/types\/page"}],"author":[{"embeddable":true,"href":"https:\/\/knaplawyers.com.au\/pl\/wp-json\/wp\/v2\/users\/3"}],"replies":[{"embeddable":true,"href":"https:\/\/knaplawyers.com.au\/pl\/wp-json\/wp\/v2\/comments?post=851"}],"version-history":[{"count":0,"href":"https:\/\/knaplawyers.com.au\/pl\/wp-json\/wp\/v2\/pages\/851\/revisions"}],"up":[{"embeddable":true,"href":"https:\/\/knaplawyers.com.au\/pl\/wp-json\/wp\/v2\/pages\/382"}],"wp:attachment":[{"href":"https:\/\/knaplawyers.com.au\/pl\/wp-json\/wp\/v2\/media?parent=851"}],"curies":[{"name":"wp","href":"https:\/\/api.w.org\/{rel}","templated":true}]}}